{"id":24,"date":"2024-06-04T15:12:14","date_gmt":"2024-06-04T13:12:14","guid":{"rendered":"https:\/\/www.certikeo.fr\/?page_id=24"},"modified":"2026-04-14T11:37:03","modified_gmt":"2026-04-14T09:37:03","slug":"mentions-legales","status":"publish","type":"page","link":"https:\/\/www.certikeo.fr\/index.php\/mentions-legales\/","title":{"rendered":"Mentions l\u00e9gales"},"content":{"rendered":"\n<h1 class=\"wp-block-heading has-text-align-center has-theme-palette-2-color has-text-color has-link-color wp-elements-db5e46cf2a0aaba7d656d69f4151e45a\" style=\"margin-top:var(--wp--preset--spacing--80);margin-bottom:var(--wp--preset--spacing--80)\">Mentions l\u00e9gales<\/h1>\n\n\n\n<h2 class=\"wp-block-heading has-text-color has-link-color wp-elements-313eb05a4a02684354f52768b667bd40\" style=\"color:#1e2f5c;padding-right:var(--wp--preset--spacing--80);padding-left:var(--wp--preset--spacing--80)\">\u00c9diteur<\/h2>\n\n\n\n<p class=\"has-text-color has-link-color wp-elements-593a4986172d7db11b4541f408be0e25\" style=\"color:#1e2f5c;padding-right:var(--wp--preset--spacing--80);padding-left:var(--wp--preset--spacing--80)\">Soci\u00e9t\u00e9 Certikeo, immatricul\u00e9e au RCS de Paris sous le N\u00b0915 148 456<\/p>\n\n\n\n<p class=\"has-text-color has-link-color wp-elements-3d3539f00470aa161257291b2cd89352\" style=\"color:#1e2f5c;padding-right:var(--wp--preset--spacing--80);padding-left:var(--wp--preset--spacing--80)\">7, rue Guillaume Tell 75017 PARIS<\/p>\n\n\n\n<p class=\"has-text-color has-link-color wp-elements-aaf7131669b1c25b16f4d40a34db36a6\" style=\"color:#1e2f5c;padding-right:var(--wp--preset--spacing--80);padding-left:var(--wp--preset--spacing--80)\">+33 (0)1 82 28 07 56<\/p>\n\n\n\n<p class=\"has-text-color has-link-color wp-elements-fa89d4786f8f7753f084a70a65ad2e1b\" style=\"color:#1e2f5c;padding-right:var(--wp--preset--spacing--80);padding-left:var(--wp--preset--spacing--80)\">contact@experquiz.com<\/p>\n\n\n\n<h2 class=\"wp-block-heading has-text-color has-link-color wp-elements-597ddd203d618664ef66623ab834355d\" style=\"color:#1e2f5c;padding-right:var(--wp--preset--spacing--80);padding-left:var(--wp--preset--spacing--80)\">Conditions d\u2019utilisation<\/h2>\n\n\n\n<p class=\"has-text-color has-link-color wp-elements-0edd266b0a620067fdafb2527c8f6b39\" style=\"color:#1e2f5c;padding-right:var(--wp--preset--spacing--80);padding-left:var(--wp--preset--spacing--80)\">Le site accessible par les url suivants : https:\/\/www.certikeo.fr est exploit\u00e9 dans le respect de la l\u00e9gislation fran\u00e7aise. L\u2019utilisation de ce site est r\u00e9gie par les pr\u00e9sentes conditions g\u00e9n\u00e9rales. En utilisant le site, vous reconnaissez avoir pris connaissance de ces conditions et les avoir accept\u00e9es. Celles-ci pourront \u00eatres modifi\u00e9es \u00e0 tout moment et sans pr\u00e9avis.<\/p>\n\n\n\n<h2 class=\"wp-block-heading has-text-color has-link-color wp-elements-fa5b52518cabf9d8fc9e6331a42fca73\" style=\"color:#1e2f5c;padding-right:var(--wp--preset--spacing--80);padding-left:var(--wp--preset--spacing--80)\">Politique de Cookies<\/h2>\n\n\n\n<h3 class=\"wp-block-heading has-text-color has-link-color wp-elements-d474b91c94c3d9ea0e9a7180770ae3ee\" style=\"color:#1e2f5c;padding-right:var(--wp--preset--spacing--80);padding-left:var(--wp--preset--spacing--80)\">Cookies \u00e0 des fins analytiques<\/h3>\n\n\n\n<p class=\"has-text-color has-link-color wp-elements-38153e2310aba3c01b7c9b031c16ba81\" style=\"color:#1e2f5c;padding-right:var(--wp--preset--spacing--80);padding-left:var(--wp--preset--spacing--80)\">Pour des besoins de statistiques et d\u2019affichage, le pr\u00e9sent site utilise des cookies. Il s\u2019agit de petits fichiers textes stock\u00e9s sur votre disque dur afin d\u2019enregistrer des donn\u00e9es techniques sur votre navigation. Certaines parties de ce site ne peuvent \u00eatre fonctionnelle sans l\u2019acceptation de cookies.<\/p>\n\n\n\n<h2 class=\"wp-block-heading has-text-color has-link-color wp-elements-ac5e04b96d40f1589190e13ab626b78f\" style=\"color:#1e2f5c;padding-right:var(--wp--preset--spacing--80);padding-left:var(--wp--preset--spacing--80)\">Confidentialit\u00e9<\/h2>\n\n\n\n<p class=\"has-text-color has-link-color wp-elements-bebefcec6c0c7c28001db60aee48c62b\" style=\"color:#1e2f5c;padding-right:var(--wp--preset--spacing--80);padding-left:var(--wp--preset--spacing--80)\">Vos donn\u00e9es personnelles sont confidentielles et ne seront en aucun cas communiqu\u00e9es \u00e0 des tiers hormis pour la bonne ex\u00e9cution de la prestation.<\/p>\n\n\n\n<h2 class=\"wp-block-heading has-text-color has-link-color wp-elements-109644c6faea1bb7e748826609d64f7b\" style=\"color:#1e2f5c;padding-right:var(--wp--preset--spacing--80);padding-left:var(--wp--preset--spacing--80)\">Information et exclusion<\/h2>\n\n\n\n<p class=\"has-text-color has-link-color wp-elements-2743f39b32c5d01ed6ca31c9c2ed1f43\" style=\"color:#1e2f5c;margin-bottom:var(--wp--preset--spacing--80);padding-right:var(--wp--preset--spacing--80);padding-left:var(--wp--preset--spacing--80)\">Certikeo met en \u0153uvre tous les moyens dont il dispose, pour assurer une information fiable et une mise \u00e0 jour fiable du site internet. Toutefois, des erreurs ou omissions peuvent survenir. L\u2019internaute devra donc s\u2019assurer de l\u2019exactitude des informations aupr\u00e8s de Certikeo, et signaler toutes modifications du site qu\u2019il jugerait utile. Certikeo n\u2019est en aucun cas responsable de l\u2019utilisation faite de ces informations, et de tout pr\u00e9judice direct ou indirect pouvant en d\u00e9couler.<\/p>\n","protected":false},"excerpt":{"rendered":"<p>Mentions l\u00e9gales \u00c9diteur Soci\u00e9t\u00e9 Certikeo, immatricul\u00e9e au RCS de Paris sous le N\u00b0915 148 456 7, rue Guillaume Tell 75017 PARIS +33 (0)1 82 28 07 56 contact@experquiz.com Conditions d\u2019utilisation Le site accessible par les url suivants : https:\/\/www.certikeo.fr est exploit\u00e9 dans le respect de la l\u00e9gislation fran\u00e7aise. L\u2019utilisation de ce site est r\u00e9gie par&#8230;<\/p>\n","protected":false},"author":1,"featured_media":0,"parent":0,"menu_order":0,"comment_status":"closed","ping_status":"closed","template":"","meta":{"_kad_post_transparent":"","_kad_post_title":"","_kad_post_layout":"","_kad_post_sidebar_id":"","_kad_post_content_style":"","_kad_post_vertical_padding":"","_kad_post_feature":"","_kad_post_feature_position":"","_kad_post_header":false,"_kad_post_footer":false,"footnotes":""},"class_list":["post-24","page","type-page","status-publish","hentry"],"_links":{"self":[{"href":"https:\/\/www.certikeo.fr\/index.php\/wp-json\/wp\/v2\/pages\/24","targetHints":{"allow":["GET"]}}],"collection":[{"href":"https:\/\/www.certikeo.fr\/index.php\/wp-json\/wp\/v2\/pages"}],"about":[{"href":"https:\/\/www.certikeo.fr\/index.php\/wp-json\/wp\/v2\/types\/page"}],"author":[{"embeddable":true,"href":"https:\/\/www.certikeo.fr\/index.php\/wp-json\/wp\/v2\/users\/1"}],"replies":[{"embeddable":true,"href":"https:\/\/www.certikeo.fr\/index.php\/wp-json\/wp\/v2\/comments?post=24"}],"version-history":[{"count":7,"href":"https:\/\/www.certikeo.fr\/index.php\/wp-json\/wp\/v2\/pages\/24\/revisions"}],"predecessor-version":[{"id":195,"href":"https:\/\/www.certikeo.fr\/index.php\/wp-json\/wp\/v2\/pages\/24\/revisions\/195"}],"wp:attachment":[{"href":"https:\/\/www.certikeo.fr\/index.php\/wp-json\/wp\/v2\/media?parent=24"}],"curies":[{"name":"wp","href":"https:\/\/api.w.org\/{rel}","templated":true}]}}